{"id":92,"date":"2023-10-23T22:09:06","date_gmt":"2023-10-23T22:09:06","guid":{"rendered":"https:\/\/convocatorias.airnubeiro.es\/?page_id=92"},"modified":"2024-12-22T16:29:08","modified_gmt":"2024-12-22T16:29:08","slug":"pasos-para-el-acceso","status":"publish","type":"page","link":"https:\/\/convocatorias.airnubeiro.es\/index.php\/pasos-para-el-acceso\/","title":{"rendered":"Pasos para el acceso"},"content":{"rendered":"\n<div class=\"wp-block-uagb-icon-list uagb-block-0e2a6113\"><div class=\"uagb-icon-list__wrap\">\n<div class=\"wp-block-uagb-icon-list-child uagb-block-8fbb1173\"><span class=\"uagb-icon-list__source-wrap\"><svg xmlns=\"https:\/\/www.w3.org\/2000\/svg\" viewBox=\"0 0 384 512\"><path d=\"M336 64h-53.88C268.9 26.8 233.7 0 192 0S115.1 26.8 101.9 64H48C21.5 64 0 85.48 0 112v352C0 490.5 21.5 512 48 512h288c26.5 0 48-21.48 48-48v-352C384 85.48 362.5 64 336 64zM96 392c-13.25 0-24-10.75-24-24S82.75 344 96 344s24 10.75 24 24S109.3 392 96 392zM96 296c-13.25 0-24-10.75-24-24S82.75 248 96 248S120 258.8 120 272S109.3 296 96 296zM192 64c17.67 0 32 14.33 32 32c0 17.67-14.33 32-32 32S160 113.7 160 96C160 78.33 174.3 64 192 64zM304 384h-128C167.2 384 160 376.8 160 368C160 359.2 167.2 352 176 352h128c8.801 0 16 7.199 16 16C320 376.8 312.8 384 304 384zM304 288h-128C167.2 288 160 280.8 160 272C160 263.2 167.2 256 176 256h128C312.8 256 320 263.2 320 272C320 280.8 312.8 288 304 288z\"><\/path><\/svg><\/span><span class=\"uagb-icon-list__label\">Cuando procedas con el registro tendr\u00e1s que <strong>cubrir un formulario<\/strong>, donde te pedimos ser sincero y que tus datos sean veraces. Haznos saber si ya dispones de conocimientos previos en el mundo de la aviaci\u00f3n, real o virtual, o si quieres iniciarte desde cero. Tan pronto como lo env\u00edes, nos pondremos en contacto contigo para guiarte durante los siguientes pasos.<\/span><\/div>\n\n\n\n<div class=\"wp-block-uagb-icon-list-child uagb-block-893d3104\"><span class=\"uagb-icon-list__source-wrap\"><svg xmlns=\"https:\/\/www.w3.org\/2000\/svg\" viewBox=\"0 0 384 512\"><path d=\"M336 64h-53.88C268.9 26.8 233.7 0 192 0S115.1 26.8 101.9 64H48C21.5 64 0 85.48 0 112v352C0 490.5 21.5 512 48 512h288c26.5 0 48-21.48 48-48v-352C384 85.48 362.5 64 336 64zM192 64c17.67 0 32 14.33 32 32s-14.33 32-32 32S160 113.7 160 96S174.3 64 192 64zM282.9 262.8l-88 112c-4.047 5.156-10.02 8.438-16.53 9.062C177.6 383.1 176.8 384 176 384c-5.703 0-11.25-2.031-15.62-5.781l-56-48c-10.06-8.625-11.22-23.78-2.594-33.84c8.609-10.06 23.77-11.22 33.84-2.594l36.98 31.69l72.52-92.28c8.188-10.44 23.3-12.22 33.7-4.062C289.3 237.3 291.1 252.4 282.9 262.8z\"><\/path><\/svg><\/span><span class=\"uagb-icon-list__label\">Una vez realizado el formulario, te facilitaremos un<strong> c\u00f3digo para acceder al test inicial<\/strong> de conocimientos . En base al resultado obtenido, podr\u00e1s pasar al siguiente paso o bien formarte con nuestro contenido.<\/span><\/div>\n\n\n\n<div class=\"wp-block-uagb-icon-list-child uagb-block-7543bce7\"><span class=\"uagb-icon-list__source-wrap\"><svg xmlns=\"https:\/\/www.w3.org\/2000\/svg\" viewBox=\"0 0 640 512\"><path d=\"M320 93.68V178.3L397.1 222.4C350.6 254 320 307.4 320 368C320 422.2 344.5 470.7 383.1 502.1C381 508.3 375.9 512 369.1 512C368.7 512 367.4 511.8 366.1 511.5L256 480L145.9 511.5C144.6 511.8 143.3 512 142 512C134.3 512 128 505.7 128 497.1V456C128 450.1 130.4 446.2 134.4 443.2L192 400V329.1L20.4 378.2C10.17 381.1 0 373.4 0 362.8V297.3C0 291.5 3.076 286.2 8.062 283.4L192 178.3V93.68C192 59.53 221 0 256 0C292 0 320 59.53 320 93.68H320zM640 368C640 447.5 575.5 512 496 512C416.5 512 352 447.5 352 368C352 288.5 416.5 224 496 224C575.5 224 640 288.5 640 368zM540.7 324.7L480 385.4L451.3 356.7C445.1 350.4 434.9 350.4 428.7 356.7C422.4 362.9 422.4 373.1 428.7 379.3L468.7 419.3C474.9 425.6 485.1 425.6 491.3 419.3L563.3 347.3C569.6 341.1 569.6 330.9 563.3 324.7C557.1 318.4 546.9 318.4 540.7 324.7H540.7z\"><\/path><\/svg><\/span><span class=\"uagb-icon-list__label\">Si el resultado, en el test anterior, supera o iguala el 75% podr\u00e1s solicitar el<strong> examen pr\u00e1ctico<\/strong> de A320 o de otro avi\u00f3n de la flota. Este consistir\u00e1 en la realizaci\u00f3n de un vuelo de corta duraci\u00f3n, bajo la supervisi\u00f3n de un instructor.\u00a0<br>Una vez superada esta prueba se te <strong>incorporar\u00e1 directamente a la plantilla y podr\u00e1s realizar tus vuelos de forma regular<\/strong>. En caso contrario, podr\u00e1s formarte con nosotros\u00a0gracias a los recursos de los que disponemos.<\/span><\/div>\n<\/div><\/div>\n\n\n\n<p class=\"has-text-color has-link-color wp-elements-cd4b8bf8ee8be71245ef6ef75a199c0c\" style=\"color:#000000c9\"><em><strong>\u00a1Te esperamos a bordo!<\/strong><\/em><\/p>\n\n\n\n<div class=\"wp-block-uagb-inline-notice uagb-inline_notice__align-left uagb-block-aa35911f\"><button class=\"uagb-notice-close-button\" type=\"button\" aria-label=\"Close\"><\/button><h4 class=\"uagb-notice-title\">Suspensos a partir del 01\/01\/2024<\/h4><div class=\"uagb-notice-text\">\n<p>En las convocatorias 2024, se permitir\u00e1 volver a intentar la prueba fallada 30 d\u00edas despu\u00e9s de la comunicaci\u00f3n del suspenso. <br><br><a href=\"https:\/\/convocatorias.airnubeiro.es\/index.php\/pasos-para-el-acceso\/\" data-type=\"page\" data-id=\"92\">M\u00e1s informaci\u00f3n<\/a><\/p>\n<\/div><\/div>\n\n\n\n<p><\/p>\n","protected":false},"excerpt":{"rendered":"<p>\u00a1Te esperamos a bordo!<\/p>\n","protected":false},"author":1,"featured_media":0,"parent":0,"menu_order":0,"comment_status":"closed","ping_status":"closed","template":"","meta":{"_uag_custom_page_level_css":"","footnotes":""},"class_list":["post-92","page","type-page","status-publish","hentry"],"uagb_featured_image_src":{"full":false,"thumbnail":false,"medium":false,"medium_large":false,"large":false,"1536x1536":false,"2048x2048":false,"post-thumbnail":false},"uagb_author_info":{"display_name":"RecursosHumanos","author_link":"https:\/\/convocatorias.airnubeiro.es\/index.php\/author\/recursoshumanos\/"},"uagb_comment_info":0,"uagb_excerpt":"\u00a1Te esperamos a bordo!","_links":{"self":[{"href":"https:\/\/convocatorias.airnubeiro.es\/index.php\/wp-json\/wp\/v2\/pages\/92","targetHints":{"allow":["GET"]}}],"collection":[{"href":"https:\/\/convocatorias.airnubeiro.es\/index.php\/wp-json\/wp\/v2\/pages"}],"about":[{"href":"https:\/\/convocatorias.airnubeiro.es\/index.php\/wp-json\/wp\/v2\/types\/page"}],"author":[{"embeddable":true,"href":"https:\/\/convocatorias.airnubeiro.es\/index.php\/wp-json\/wp\/v2\/users\/1"}],"replies":[{"embeddable":true,"href":"https:\/\/convocatorias.airnubeiro.es\/index.php\/wp-json\/wp\/v2\/comments?post=92"}],"version-history":[{"count":6,"href":"https:\/\/convocatorias.airnubeiro.es\/index.php\/wp-json\/wp\/v2\/pages\/92\/revisions"}],"predecessor-version":[{"id":327,"href":"https:\/\/convocatorias.airnubeiro.es\/index.php\/wp-json\/wp\/v2\/pages\/92\/revisions\/327"}],"wp:attachment":[{"href":"https:\/\/convocatorias.airnubeiro.es\/index.php\/wp-json\/wp\/v2\/media?parent=92"}],"curies":[{"name":"wp","href":"https:\/\/api.w.org\/{rel}","templated":true}]}}