{"id":218,"date":"2024-01-01T16:41:21","date_gmt":"2024-01-01T16:41:21","guid":{"rendered":"https:\/\/convocatorias.airnubeiro.es\/?page_id=218"},"modified":"2025-01-23T00:05:43","modified_gmt":"2025-01-23T00:05:43","slug":"convocatorias","status":"publish","type":"page","link":"https:\/\/convocatorias.airnubeiro.es\/index.php\/convocatorias\/","title":{"rendered":"Convocatorias 2025"},"content":{"rendered":"<div class=\"wp-block-image\">\n<figure class=\"aligncenter size-large\"><img loading=\"lazy\" decoding=\"async\" width=\"1024\" height=\"576\" src=\"https:\/\/convocatorias.airnubeiro.es\/wp-content\/uploads\/2025\/01\/buscamos-pilotos-1-1024x576.png\" alt=\"\" class=\"wp-image-331\" srcset=\"https:\/\/convocatorias.airnubeiro.es\/wp-content\/uploads\/2025\/01\/buscamos-pilotos-1-1024x576.png 1024w, https:\/\/convocatorias.airnubeiro.es\/wp-content\/uploads\/2025\/01\/buscamos-pilotos-1-300x169.png 300w, https:\/\/convocatorias.airnubeiro.es\/wp-content\/uploads\/2025\/01\/buscamos-pilotos-1-768x432.png 768w, https:\/\/convocatorias.airnubeiro.es\/wp-content\/uploads\/2025\/01\/buscamos-pilotos-1-1536x864.png 1536w, https:\/\/convocatorias.airnubeiro.es\/wp-content\/uploads\/2025\/01\/buscamos-pilotos-1-624x351.png 624w, https:\/\/convocatorias.airnubeiro.es\/wp-content\/uploads\/2025\/01\/buscamos-pilotos-1.png 1920w\" sizes=\"auto, (max-width: 1024px) 100vw, 1024px\" \/><\/figure>\n<\/div>\n\n\n<div class=\"wp-block-uagb-inline-notice uagb-inline_notice__align-left uagb-block-1b6ae83c\"><button class=\"uagb-notice-close-button\" type=\"button\" aria-label=\"Close\"><\/button><h4 class=\"uagb-notice-title\">Requisitos de la Convocatoria Ordinaria para el a\u00f1o 2025<\/h4><div class=\"uagb-notice-text\">\n<p>&#8211; 100 horas de vuelo en IVAO o VATSIM<br>&#8211; Rango m\u00ednimo FS3 o su equivalente en VATSIM<br>&#8211; Tener cuenta activa en IVAO<br>&#8211; Ser mayor de 18 a\u00f1os<\/p>\n<\/div><\/div>\n\n\n\n<p>Consulta la <strong>Resoluci\u00f3n <\/strong>por la que se regulan las convocatorias del presente a\u00f1o 2025.<\/p>\n\n\n\n<div class=\"wp-block-file\"><a id=\"wp-block-file--media-f639c557-83c9-42bc-94de-6b9f94a7e93c\" href=\"https:\/\/convocatorias.airnubeiro.es\/wp-content\/uploads\/2025\/01\/comunicado_09_01_2025.pdf\" target=\"_blank\" rel=\"noreferrer noopener\"><strong>comunicado_09_01_2025<\/strong><\/a><\/div>\n\n\n\n<div class=\"wp-block-uagb-separator uagb-block-905e7e1f\"><div class=\"uagb-separator-spacing-wrapper\"><div class=\"wp-block-uagb-separator__inner\" style=\"--my-background-image:\"><\/div><\/div><\/div>\n\n\n<div class=\"wp-block-uagb-faq uagb-faq__outer-wrap uagb-block-de23ca17 uagb-faq-icon-row uagb-faq-layout-accordion uagb-faq-expand-first-true uagb-faq-inactive-other-true uagb-faq__wrap uagb-buttons-layout-wrap uagb-faq-equal-height     \" data-faqtoggle=\"true\" role=\"tablist\"><div class=\"wp-block-uagb-faq-child uagb-faq-child__outer-wrap uagb-faq-item uagb-block-5a824308 \" role=\"tab\" tabindex=\"0\"><div class=\"uagb-faq-questions-button uagb-faq-questions\">\t\t\t<span class=\"uagb-icon uagb-faq-icon-wrap\">\n\t\t\t\t\t\t\t\t<svg xmlns=\"https:\/\/www.w3.org\/2000\/svg\" viewBox= \"0 0 448 512\"><path d=\"M432 256c0 17.69-14.33 32.01-32 32.01H256v144c0 17.69-14.33 31.99-32 31.99s-32-14.3-32-31.99v-144H48c-17.67 0-32-14.32-32-32.01s14.33-31.99 32-31.99H192v-144c0-17.69 14.33-32.01 32-32.01s32 14.32 32 32.01v144h144C417.7 224 432 238.3 432 256z\"><\/path><\/svg>\n\t\t\t\t\t\t\t<\/span>\n\t\t\t\t\t\t<span class=\"uagb-icon-active uagb-faq-icon-wrap\">\n\t\t\t\t\t\t\t\t<svg xmlns=\"https:\/\/www.w3.org\/2000\/svg\" viewBox= \"0 0 448 512\"><path d=\"M400 288h-352c-17.69 0-32-14.32-32-32.01s14.31-31.99 32-31.99h352c17.69 0 32 14.3 32 31.99S417.7 288 400 288z\"><\/path><\/svg>\n\t\t\t\t\t\t\t<\/span>\n\t\t\t<span class=\"uagb-question\">Funcionamiento de las convocatorias<\/span><\/div><div class=\"uagb-faq-content\"><p>Air Nubeiro abre sus puertas a nuevas postulaciones de pilotos durante momentos puntuales del a\u00f1o, estos procesos los llamamos convocatorias.<br>Las convocatorias seguir\u00e1n los siguientes pasos para su comunicaci\u00f3n y apertura oficial:<br><br><strong>1. Anuncio de convocatorias mediante los medios oficiales. <\/strong>Se informar\u00e1 a trav\u00e9s de: las redes sociales oficiales de la compa\u00f1\u00eda, p\u00e1gina web, Discord y otros medios que se estimen pertinentes. El anuncio incluir\u00e1 la fecha y hora de apertura de postulaciones.<br><br><strong>2. Apertura del formulario de acceso. <\/strong>Llegados a la fecha y hora previamente comunicados, se proceder\u00e1 a la apertura del formulario que da paso a la solicitud de entrada.<br><br><strong>3. Dem\u00e1s pasos a seguir durante el proceso de selecci\u00f3n. <\/strong>En funci\u00f3n de las convocatorias, se publicar\u00e1n ciertos pasos y pruebas a realizar para entrar en la aerol\u00ednea. Estos estar\u00e1n actualizados y se pueden visitar pinchando <a href=\"https:\/\/convocatorias.airnubeiro.es\/index.php\/pasos-para-el-acceso\/\" data-type=\"page\" data-id=\"92\">aqu\u00ed<\/a>.<\/p><\/div><\/div><div class=\"wp-block-uagb-faq-child uagb-faq-child__outer-wrap uagb-faq-item uagb-block-fae1a040 \" role=\"tab\" tabindex=\"0\"><div class=\"uagb-faq-questions-button uagb-faq-questions\">\t\t\t<span class=\"uagb-icon uagb-faq-icon-wrap\">\n\t\t\t\t\t\t\t\t<svg xmlns=\"https:\/\/www.w3.org\/2000\/svg\" viewBox= \"0 0 448 512\"><path d=\"M432 256c0 17.69-14.33 32.01-32 32.01H256v144c0 17.69-14.33 31.99-32 31.99s-32-14.3-32-31.99v-144H48c-17.67 0-32-14.32-32-32.01s14.33-31.99 32-31.99H192v-144c0-17.69 14.33-32.01 32-32.01s32 14.32 32 32.01v144h144C417.7 224 432 238.3 432 256z\"><\/path><\/svg>\n\t\t\t\t\t\t\t<\/span>\n\t\t\t\t\t\t<span class=\"uagb-icon-active uagb-faq-icon-wrap\">\n\t\t\t\t\t\t\t\t<svg xmlns=\"https:\/\/www.w3.org\/2000\/svg\" viewBox= \"0 0 448 512\"><path d=\"M400 288h-352c-17.69 0-32-14.32-32-32.01s14.31-31.99 32-31.99h352c17.69 0 32 14.3 32 31.99S417.7 288 400 288z\"><\/path><\/svg>\n\t\t\t\t\t\t\t<\/span>\n\t\t\t<span class=\"uagb-question\">Procedimiento para personas que dispongan de licencias de vuelo reales<\/span><\/div><div class=\"uagb-faq-content\"><p>Los usuarios que hayan indicado en el formulario de acceso que est\u00e1n en posesi\u00f3n de una licencia de vuelo real o en proceso de obtenerla, est\u00e1n exentos de cumplir con el requisito de las 150 horas de vuelo en IVAO\/VATSIM.<br><br>Aquellas personas que est\u00e9n en proceso de obtenci\u00f3n de alguna licencia pero no dispongan a\u00fan de alguna, deber\u00e1n cumplir con los requisitos ordinarios de las convocatorias. Siempre se podr\u00e1 informar de alguna situaci\u00f3n concreta al staff durante el proceso de entrada. <\/p><\/div><\/div><div class=\"wp-block-uagb-faq-child uagb-faq-child__outer-wrap uagb-faq-item uagb-block-91086568 \" role=\"tab\" tabindex=\"0\"><div class=\"uagb-faq-questions-button uagb-faq-questions\">\t\t\t<span class=\"uagb-icon uagb-faq-icon-wrap\">\n\t\t\t\t\t\t\t\t<svg xmlns=\"https:\/\/www.w3.org\/2000\/svg\" viewBox= \"0 0 448 512\"><path d=\"M432 256c0 17.69-14.33 32.01-32 32.01H256v144c0 17.69-14.33 31.99-32 31.99s-32-14.3-32-31.99v-144H48c-17.67 0-32-14.32-32-32.01s14.33-31.99 32-31.99H192v-144c0-17.69 14.33-32.01 32-32.01s32 14.32 32 32.01v144h144C417.7 224 432 238.3 432 256z\"><\/path><\/svg>\n\t\t\t\t\t\t\t<\/span>\n\t\t\t\t\t\t<span class=\"uagb-icon-active uagb-faq-icon-wrap\">\n\t\t\t\t\t\t\t\t<svg xmlns=\"https:\/\/www.w3.org\/2000\/svg\" viewBox= \"0 0 448 512\"><path d=\"M400 288h-352c-17.69 0-32-14.32-32-32.01s14.31-31.99 32-31.99h352c17.69 0 32 14.3 32 31.99S417.7 288 400 288z\"><\/path><\/svg>\n\t\t\t\t\t\t\t<\/span>\n\t\t\t<span class=\"uagb-question\">Convocatorias para antiguos pilotos<\/span><\/div><div class=\"uagb-faq-content\"><p>Los antiguos miembros conservar\u00e1n ventaja a la hora de volver a postular para pilotos, en caso de no tener ning\u00fan tipo de sanci\u00f3n. Ser\u00e1n los primeros en realizar la entrevista, incluso por delante de las personas que hayan quedado en cabeza de lista tras no poder entrar en la convocatoria anterior.<br><br>Para indicar que han sido pilotos anteriormente deben marcar la correspondiente casilla en el formulario de acceso y facilitar su antiguo ID y el correo electr\u00f3nico con el que se hab\u00edan registrado, en caso de no recordarlo es preferible indicar esto en la casilla correspondiente. <\/p><\/div><\/div><div class=\"wp-block-uagb-faq-child uagb-faq-child__outer-wrap uagb-faq-item uagb-block-4d9362ff \" role=\"tab\" tabindex=\"0\"><div class=\"uagb-faq-questions-button uagb-faq-questions\">\t\t\t<span class=\"uagb-icon uagb-faq-icon-wrap\">\n\t\t\t\t\t\t\t\t<svg xmlns=\"https:\/\/www.w3.org\/2000\/svg\" viewBox= \"0 0 448 512\"><path d=\"M432 256c0 17.69-14.33 32.01-32 32.01H256v144c0 17.69-14.33 31.99-32 31.99s-32-14.3-32-31.99v-144H48c-17.67 0-32-14.32-32-32.01s14.33-31.99 32-31.99H192v-144c0-17.69 14.33-32.01 32-32.01s32 14.32 32 32.01v144h144C417.7 224 432 238.3 432 256z\"><\/path><\/svg>\n\t\t\t\t\t\t\t<\/span>\n\t\t\t\t\t\t<span class=\"uagb-icon-active uagb-faq-icon-wrap\">\n\t\t\t\t\t\t\t\t<svg xmlns=\"https:\/\/www.w3.org\/2000\/svg\" viewBox= \"0 0 448 512\"><path d=\"M400 288h-352c-17.69 0-32-14.32-32-32.01s14.31-31.99 32-31.99h352c17.69 0 32 14.3 32 31.99S417.7 288 400 288z\"><\/path><\/svg>\n\t\t\t\t\t\t\t<\/span>\n\t\t\t<span class=\"uagb-question\">\u00bfQu\u00e9 pasa si suspendo alguna prueba?<\/span><\/div><div class=\"uagb-faq-content\"><p>Es normal que no se alcancen los est\u00e1ndares que exigimos para aprobar. <br><br>Ya que somos conscientes de ello, se facilitar\u00e1 la repetici\u00f3n de la prueba que haya sido fallada. Dicho intento, se podr\u00e1 realizar 30 d\u00edas despu\u00e9s de haberse notificado el suspenso. Ser\u00e1 el departamento de Recursos Humanos el que notificar\u00e1, v\u00eda correo electr\u00f3nico, a los usuarios que se vean en esta situaci\u00f3n. <br><br>Para cualquier consulta referente puedes ponerte en contacto con el departamento de Recursos Humanos pinchando <a href=\"mailto:rrhh@airnubeiro.es\">aqu\u00ed<\/a>. <\/p><\/div><\/div><\/div>","protected":false},"excerpt":{"rendered":"<p>Consulta la Resoluci\u00f3n por la que se regulan las convocatorias del presente a\u00f1o 2025.<\/p>\n","protected":false},"author":1,"featured_media":0,"parent":0,"menu_order":0,"comment_status":"closed","ping_status":"closed","template":"","meta":{"_uag_custom_page_level_css":"","footnotes":""},"class_list":["post-218","page","type-page","status-publish","hentry"],"uagb_featured_image_src":{"full":false,"thumbnail":false,"medium":false,"medium_large":false,"large":false,"1536x1536":false,"2048x2048":false,"post-thumbnail":false},"uagb_author_info":{"display_name":"RecursosHumanos","author_link":"https:\/\/convocatorias.airnubeiro.es\/index.php\/author\/recursoshumanos\/"},"uagb_comment_info":0,"uagb_excerpt":"Consulta la Resoluci\u00f3n por la que se regulan las convocatorias del presente a\u00f1o 2025.","_links":{"self":[{"href":"https:\/\/convocatorias.airnubeiro.es\/index.php\/wp-json\/wp\/v2\/pages\/218","targetHints":{"allow":["GET"]}}],"collection":[{"href":"https:\/\/convocatorias.airnubeiro.es\/index.php\/wp-json\/wp\/v2\/pages"}],"about":[{"href":"https:\/\/convocatorias.airnubeiro.es\/index.php\/wp-json\/wp\/v2\/types\/page"}],"author":[{"embeddable":true,"href":"https:\/\/convocatorias.airnubeiro.es\/index.php\/wp-json\/wp\/v2\/users\/1"}],"replies":[{"embeddable":true,"href":"https:\/\/convocatorias.airnubeiro.es\/index.php\/wp-json\/wp\/v2\/comments?post=218"}],"version-history":[{"count":8,"href":"https:\/\/convocatorias.airnubeiro.es\/index.php\/wp-json\/wp\/v2\/pages\/218\/revisions"}],"predecessor-version":[{"id":338,"href":"https:\/\/convocatorias.airnubeiro.es\/index.php\/wp-json\/wp\/v2\/pages\/218\/revisions\/338"}],"wp:attachment":[{"href":"https:\/\/convocatorias.airnubeiro.es\/index.php\/wp-json\/wp\/v2\/media?parent=218"}],"curies":[{"name":"wp","href":"https:\/\/api.w.org\/{rel}","templated":true}]}}